{"id":3,"date":"2022-07-11T17:41:59","date_gmt":"2022-07-11T15:41:59","guid":{"rendered":"https:\/\/ziamariahome.net\/?page_id=3"},"modified":"2022-07-19T16:51:57","modified_gmt":"2022-07-19T14:51:57","slug":"privacy-policy","status":"publish","type":"page","link":"https:\/\/ziamariahome.it\/en\/privacy-policy\/","title":{"rendered":"Privacy"},"content":{"rendered":"<div>\n<h1>Privacy Policy<\/h1>\n<h4>www.ziamariahome.it<\/h4>\n<p>Questo sito web raccoglie alcuni dati Personali dei propri Utenti.<\/p>\n<h3>Titolare del Trattamento dei dati<\/h3>\n<p>Zia Maria Home B&amp;B, Piazza San Gaetano 322.<br \/>\nIndirizzo email del Titolare: info@ziamariahome.it<\/p>\n<\/div>\n<div>\n<p>La presente policy \u00e8 data ai sensi dell&#8217;art.13 D. Lgs. 196\/2003 e ai sensi degli artt. 13 14 del GDPR 679\/ 2016 Regolamento Europeo in materia di privacy, nonch\u00e9 ai sensi del Provvedimento in materia di cookie n. 229 dell&#8217;8 maggio 2014. Si desidera informare i visitatori del sito circa l&#8217;utilizzo dei dati inseriti e dei cookie utilizzati dal sito stesso e informare tutti coloro che interagiscono con i servizi web di questo sito, accessibili per via telematica. In questa pagina si descrivono le modalit\u00e0 di gestione del sito in riferimento al trattamento dei dati personali degli utenti che lo consultano. Il trattamento si basa sempre su principi di liceit\u00e0 e correttezza in ottemperanza a tutte le vigenti normative e vengono adottate idonee misure di sicurezza a protezione dei dati.<\/p>\n<h3>Ambito di comunicazione (GDPR-Art.13, comma 1, lett. e, f)<\/h3>\n<p>I trattamenti connessi ai servizi web di questo sito hanno luogo presso la sede del titolare del trattamento dei dati e sono curati solo da personale tecnico incaricato del trattamento, oppure da eventuali incaricati di occasionali operazioni di manutenzione. Nessun dato derivante dal servizio web (dati quindi di navigazione sopra specificati e cookies) viene comunicato o diffuso a terzi(salva la comunicazione ad organi giudiziari o di polizia se necessaria). I dati sono trattati da personale appositamente incaricato per iscritto al trattamento dei dati (personale amministrativo e addetti ai rapporti col pubblico anche esterni alla Societ\u00e0, addetti alla gestione dei sistemi informativi anche esterni alla Societ\u00e0 che possono anche svolgere funzioni di amministratore di sistema e sono in tal caso nominati tali, personale del settore marketing anche esterni alla Societ\u00e0, stagisti, responsabili del trattamento e loro collaboratori, incaricati del settore specifico a cui \u00e8 rivolta una richiesta, addetti alla gestione del sito anche esterni alla Societ\u00e0) solo qualora il trattamento sia necessario allo svolgimento delle loro mansioni compiendo solo le operazioni necessarie allo svolgimento delle mansioni stesse. Il Titolare del trattamento non trasferisce i dati personali in paesi terzi o a organizzazioni internazionali.<\/p>\n<h3>Finalit\u00e0 e base giuridica del trattamento (GDPR-Art.13, comma 1, lett.c)<\/h3>\n<p>I dati personali forniti dagli utenti sono utilizzati al solo fine di eseguire il servizio o la prestazione richiesta e sono comunicati a terzi incaricati nel solo caso in cui sia a tal fine necessario. I sistemi informatici e le procedure software preposte al funzionamento di questo sito web acquisiscono, nel corso del loro normale esercizio, alcuni dati personali la cui trasmissione \u00e8 implicita nell&#8217;uso dei protocolli di comunicazione di Internet. Si tratta di informazioni che non sono raccolte per essere associate a interessati identificati, ma che per loro stessa natura potrebbero, attraverso elaborazioni ed associazioni con dati detenuti da terzi, permettere di identificare gli utenti. In questa categoria di dati rientrano gli indirizzi IP o i nomi a dominio dei computer utilizzati dagli utenti che si connettono al sito, gli indirizzi in notazione URI (Uniform Resource Identifier) delle risorse richieste, l&#8217;orario della richiesta, il metodo utilizzato nel sottoporre la richiesta al server, la dimensione del file ottenuto in risposta, il codice numerico indicante lo stato della risposta data dal server (buon fine, errore, ecc.) ed altri parametri relativi al sistema operativo e all&#8217; ambiente informatico dell&#8217;utente. Questi dati vengono utilizzati al solo fine di ricavare informazioni statistiche anonime sull&#8217;uso del sito e per controllarne il corretto funzionamento e vengono cancellati immediatamente dopo l&#8217;elaborazione. I dati potrebbero essere utilizzati per l&#8217;accertamento di responsabilit\u00e0 in caso di ipotetici reati informatici ai danni del sito. I dati personali sono trattati con strumenti automatizzati per il tempo strettamente necessario a conseguire gli scopi per cui sono stati raccolti. Specifiche misure di sicurezza sono osservate per prevenire la perdita dei dati, usi illeciti o non corretti ed accessi non autorizzati.<\/p>\n<h3>Conferimento (GDPR-Art.13, comma 2, lett.f)<\/h3>\n<p>L&#8217;invio facoltativo, esplicito e volontario di posta elettronica agli indirizzi indicati su questo sito comporta la successiva acquisizione dell&#8217;indirizzo del mittente nonch\u00e9 degli eventuali altri dati personali inseriti nella missiva al fine di rispondere alle richieste. A parte quanto specificato per i dati di navigazione, l&#8217;utente \u00e8 libero di fornire i dati personali riportati nei moduli di richiesta o comunque indicati in contatti. Il loro mancato conferimento pu\u00f2 comportare l&#8217;impossibilit\u00e0 di ottenere quanto richiesto. L&#8217;interessato pu\u00f2 rifiutarsi di conferire al Titolare i suoi dati di navigazione. Per fare ci\u00f2, deve disabilitare seguendo le istruzioni fornite dal browser in uso. La disabilitazione dei cookies pu\u00f2 peggiorare la navigazione delle funzionalit\u00e0 del sito.<\/p>\n<h3>Riservatezza e Diritto d&#8217;autore<\/h3>\n<p>Uso dei materiali presenti su questo website: Tutte le informazioni, gli artworks, testi, video, audio, immagini, software e altre propriet\u00e0 intellettuali (Definiti nell&#8217;insieme &#8220;Materiali&#8221;) contenuti in questo website sono protetti da copyright e dalle leggi internazionali sui diritti di autore. I materiali sono accessibili al solo scopo educativo ed informativo. E&#8217; vietata la riproduzione, la distribuzione, la pubblicazione, la modifica dei Materiali senza il legittimo consenso del titolare del trattamento dei dati e dei rispettivi autori. E&#8217; vietato il linkaggio diretto a qualsiasi dei file multimediali presenti su questo website. I prodotti, la tecnologia o i processi descritti ed i contenuti di questo website possono essere direttamente o indirettamente oggetto di altri diritti di propriet\u00e0 intellettuale riservati alla Societ\u00e0 o a terze parti in licenza. L&#8217;utente non acquisisce nessun diritto di propriet\u00e0 neppure su questi. Sulle pagine di questo Sito si possono trovare collegamenti ipertestuali con altri siti web, proposti per fornire un servizio migliore e che hanno mero scopo informativo. Essi sono indipendenti dal controllo della Societ\u00e0 la quale non \u00e8 in alcun modo responsabile, n\u00e9 fornisce garanzie, rispetto al loro contenuto. La presenza di qualsiasi collegamento a e da tali siti non implica che it titolare del trattamento dei dati approvi, garantisca o raccomandi questi siti, i loro provider, prodotti e\/o servizi.<\/p>\n<h3>Diritti dell&#8217;utente\/interessato<\/h3>\n<p>L&#8217;Utente pu\u00f2 sempre, in ogni momento, chiedere l&#8217;interruzione del Trattamento o la cancellazione e\/o la limitazione dei Dati. Con riferimento all&#8217;art.23 del D.Lgs. 196\/2003 e all&#8217;art. 6 del GDPR 679\/16, l&#8217;interessato pu\u00f2 revocare il consenso in qualsiasi momento. Con riferimento all&#8217;art.7 del D.Lgs. 196\/2003 e agli art. 15 \u201c diritto all&#8217;accesso\u201d , art. 16 \u201cdiritto di rettifica\u201d, art. 17 \u201cdiritto alla cancellazione\u201d, art. 18 \u201cdiritto alla limitazione del trattamento\u201d, art. 20 \u201cdiritto alla portabilit\u00e0\u201d, art.21 \u201cdiritto di opposizione al processo decisionale automatizzato del GDPR 679\/2016, l&#8217;interessato esercita i suoi diritti scrivendo al Titolare del trattamento dei dati.<\/p>\n<h3>Ulteriori diritti degli Utenti<\/h3>\n<p>Mai e per nessuna ragione vendiamo o affittiamo i dati degli Utenti a terze parti. I soli usi dei dati sono quelli evidenziati in questa policy. Gli Utenti sono gli unici proprietari dei loro dati e possono richiederne la modifica o la cancellazione in ogni momento.<\/p>\n<h3>Newsletter<\/h3>\n<p>Previo consenso espresso liberamente, in modo esplicito e in forma differenziata rispetto alle diverse finalit\u00e0 di trattamento, selezionando la casella &#8220;S\u00ec&#8221; presente nei form di registrazione alla newsletter, i dati personali potranno essere trattati per l&#8217;invio tramite posta elettronica di informazioni commerciali, materiale pubblicitario e promozionale relative a servizi o prodotti di terzi selezionate in base ai dati conferiti nel relativo form di registrazione.<br \/>\nIl consenso per la finalit\u00e0 di trattamento di cui al presente punto \u00e8 facoltativo; pertanto, a seguito di un eventuale diniego i dati saranno trattati per le sole finalit\u00e0 indicate in precedenza.<br \/>\nSar\u00e0 possibile anche successivamente all&#8217;iscrizione, in modo automatico e senza costi, opporsi al trattamento dei dati e non ricevere comunicazioni promozionali e\/o commerciali, mantenendo l&#8217;iscrizione ai Servizi, cliccando sull&#8217;apposito link presente a fondo pagina in tutte le comunicazioni pubblicitarie inviate.<br \/>\n<strong>Dati personali raccolti<\/strong><br \/>\nE-mail<\/p>\n<h3>Cookie policy<\/h3>\n<p>I cookie sono file di testo che vengono scaricati dal browser quando si visita un sito web. Ad ogni visita successiva i cookie sono reinviati al sito web che li ha originati o a un altro sito che li riconosce (cookie di terze parti).<br \/>\nI cookie hanno diverse finalit\u00e0 quali consentire di navigare efficientemente tra le pagine, ricordare i siti preferiti e, in generale, migliorare l&#8217;esperienza di navigazione. Essi consentono di garantire che i contenuti pubblicitari visualizzati online siano pi\u00f9 mirati all&#8217;utente e ai suoi interessi. I cookie possono suddivisi in cookie tecnici, cookie di profilazione, cookie di terze parti.<\/p>\n<h3>Cookie tecnici<\/h3>\n<p>I cookie tecnici sono quelli il cui uso non richiede il consenso dell&#8217;utente ai sensi dell&#8217;art. 122 comma 1 del D.Lgs. 196\/2003. Essi abilitano funzioni senza le quali non sarebbe possibile utilizzare appieno il sito.<br \/>\nSi tratta di cookie essenziali che non possono essere disabilitati senza compromettere funzioni del Sito.<br \/>\nRientrano nell&#8217;ambito dei cookie tecnici anche quelli utilizzati per analizzare statisticamente gli accessi o le visite al sito, detti anche &#8220;analytics&#8221;, che perseguono esclusivamente scopi statistici e raccolgono informazioni in forma aggregata senza possibilit\u00e0 di risalire alla identificazione del singolo utente. Questi cookie possono essere disattivati e\/o eliminati attraverso le impostazioni del browser.<br \/>\nDi seguito, per ciascun cookie tecnico potenzialmente utilizzato riportiamo il nome e le finalit\u00e0 di utilizzo.<\/p>\n<h3>Google Analytics (Google)<\/h3>\n<p>dati personali raccolti: Cookies tecnici e dati anonimi di utilizzo.<br \/>\nQuesto sito web utilizza il servizio di Google Analytics in forma anonima (senza riconoscimento dell&#8217;IP utente) per monitorare e analizzare i dati di traffico, tenendo traccia in forma anonima del comportamento dell&#8217;Utente. Google Analytics \u00e8 un servizio di analisi web fornito da Google Inc. (&#8220;Google&#8221;). Google utilizza i dati Personali raccolti allo scopo di tracciare ed esaminare l&#8217;utilizzo di questo sito, compilare report e condividerli con gli altri servizi sviluppati da Google.<br \/>\nLuogo del trattamento: USA &#8211;&nbsp;<a href=\"https:\/\/policies.google.com\/privacy?hl=it\" target=\"_blank\" rel=\"noopener\">Privacy Policy.<\/a><\/p>\n<h3>Cookie di profilazione<\/h3>\n<p>I cookie di profilazione perseguono finalit\u00e0 di analisi dei comportamenti dell&#8217;utente a fini di marketing e richiedono un esplicito consenso.&nbsp;<strong>Questo sito NON utilizza cookie di profilazione.<\/strong><\/p>\n<h3>Cookie di terze parti<\/h3>\n<p>Nel corso della navigazione l&#8217;utente potrebbe ricevere sul suo terminale anche cookie di siti o di web server diversi (c.d. cookie di &#8220;terze parti&#8221;). Tali cookie sono impostati direttamente da gestori di siti web o server Terzi, per l&#8217;erogazione di funzioni \/ servizi addizionali. Questi cookie sono possono essere disattivati e\/o eliminati attraverso le impostazioni del browser. Se l&#8217;utente decide di non concedere l&#8217;autorizzazione per l&#8217;impiego di cookie di terze parti, potranno essere utilizzate esclusivamente le funzioni del Sito che non richiedono tali cookie.&nbsp;<strong>Questo sito NON utilizza cookie di terze parti.<\/strong><\/p>\n<h3>Log di sistema e manutenzione<\/h3>\n<p>Per necessit\u00e0 legate al funzionamento ed alla manutenzione, questa sito web e gli eventuali servizi terzi da essa utilizzati potrebbero raccogliere log di sistema, ossia file che registrano le interazioni e che possono contenere anche dati Personali, quali l&#8217;indirizzo IP Utente.<\/p>\n<h3>Ulteriori dati raccolti<\/h3>\n<p><strong>Richiedi una prenotazione<\/strong>Nome, Cognome, E-mail, Telefono<\/p>\n<h4>Modifiche a questa privacy policy<\/h4>\n<p>Il Titolare del Trattamento si riserva il diritto di apportare modifiche alla presente privacy policy in qualunque momento dandone informazione agli Utenti su questa pagina e, se possibile, su questo sito web nonch\u00e9, qualora tecnicamente e legalmente fattibile, inviando una notifica agli Utenti attraverso uno degli estremi di contatto di cui \u00e8 in possesso il Titolare . Si prega dunque di consultare regolarmente questa pagina, facendo riferimento alla data di ultima modifica indicata in fondo.<br \/>\nQualora le modifiche interessino trattamenti la cui base giuridica \u00e8 il consenso, il Titolare provveder\u00e0 a raccogliere nuovamente il consenso dell&#8217;Utente, se necessario.<\/p>\n<h3>Definizioni e riferimenti legali<\/h3>\n<h4>Dati personali (o dati)<\/h4>\n<p>Costituisce dato personale qualunque informazione che, direttamente o indirettamente, anche in collegamento con qualsiasi altra informazione, ivi compreso un numero di identificazione personale, renda identificata o identificabile una persona fisica.<\/p>\n<h4>Dati di utilizzo<\/h4>\n<p>Sono le informazioni raccolte automaticamente attraverso questo sito web (anche da applicazioni di parti terze integrate in questo sito web), tra cui: gli indirizzi IP o i nomi a dominio dei computer utilizzati dall&#8217;Utente che si connette con questo sito web, gli indirizzi in notazione URI (Uniform Resource Identifier), l&#8217;orario della richiesta, il metodo utilizzato nell&#8217;inoltrare la richiesta al server, la dimensione del file ottenuto in risposta, il codice numerico indicante lo stato della risposta dal server (buon fine, errore, ecc.) il paese di provenienza, le caratteristiche del browser e del sistema operativo utilizzati dal visitatore, le varie connotazioni temporali della visita (ad esempio il tempo di permanenza su ciascuna pagina) e i dettagli relativi all&#8217;itinerario seguito all&#8217;interno del sito web, con particolare riferimento alla sequenza delle pagine consultate, ai parametri relativi al sistema operativo e all&#8217;ambiente informatico dell&#8217;Utente.<\/p>\n<h4>Utente<\/h4>\n<p>L&#8217;individuo che utilizza questo sito web che, salvo ove diversamente specificato, coincide con l&#8217;Interessato.<\/p>\n<h4>Interessato<\/h4>\n<p>La persona fisica cui si riferiscono i dati Personali.<\/p>\n<h4>Responsabile del Trattamento (o Responsabile)<\/h4>\n<p>La persona fisica, giuridica, la pubblica amministrazione e qualsiasi altro ente che tratta dati personali per conto del Titolare, secondo quanto esposto nella presente privacy policy.<\/p>\n<h4>Titolare del Trattamento (o Titolare)<\/h4>\n<p>La persona fisica o giuridica, l&#8217;autorit\u00e0 pubblica, il servizio o altro organismo che, singolarmente o insieme ad altri, determina le finalit\u00e0 e i mezzi del trattamento di dati personali e gli strumenti adottati, ivi comprese le misure di sicurezza relative al funzionamento ed alla fruizione di questo sito web. Il Titolare del Trattamento, salvo quanto diversamente specificato, \u00e8 il titolare di questo sito web.<\/p>\n<h4>Questo sito web<\/h4>\n<p>Lo strumento hardware o software mediante il quale sono raccolti e trattati i dati Personali degli Utenti.<\/p>\n<h4>Servizio<\/h4>\n<p>Il Servizio fornito da questo sito web cos\u00ec come definito nei relativi termini (se presenti) su questo sito\/sito web.<\/p>\n<h4>Unione Europea (o UE)<\/h4>\n<p>Salvo ove diversamente specificato, ogni riferimento all&#8217;Unione Europea contenuto in questo documento si intende esteso a tutti gli attuali stati membri dell&#8217;Unione Europea e dello Spazio Economico Europeo.<\/p>\n<h4>Cookie<\/h4>\n<p>Piccola porzione di dati conservata all&#8217;interno del dispositivo dell&#8217;Utente.<\/p>\n<h4>Email<\/h4>\n<p>Fornisce accesso all&#8217;indirizzo email primario dell&#8217;Utente.<\/p>\n<\/div>","protected":false},"excerpt":{"rendered":"<p>Privacy Policy www.ziamariahome.it Questo sito web raccoglie alcuni dati Personali dei propri Utenti. Titolare del Trattamento dei dati Zia Maria Home B&amp;B, Piazza San Gaetano 322. Indirizzo email del Titolare: info@ziamariahome.it La presente policy \u00e8 data ai sensi dell&#8217;art.13 D. Lgs. 196\/2003 e ai sensi degli artt. 13 14 del GDPR 679\/ 2016 Regolamento Europeo [&hellip;]<\/p>\n","protected":false},"author":1,"featured_media":0,"parent":0,"menu_order":0,"comment_status":"closed","ping_status":"closed","template":"","meta":{"footnotes":""},"class_list":["post-3","page","type-page","status-publish","hentry"],"yoast_head":"<!-- This site is optimized with the Yoast SEO plugin v27.3 - https:\/\/yoast.com\/product\/yoast-seo-wordpress\/ -->\n<title>Privacy - Zia Maria Home<\/title>\n<meta name=\"robots\" content=\"index, follow, max-snippet:-1, max-image-preview:large, max-video-preview:-1\" \/>\n<link rel=\"canonical\" href=\"https:\/\/ziamariahome.it\/en\/privacy-policy\/\" \/>\n<meta property=\"og:locale\" content=\"en_GB\" \/>\n<meta property=\"og:type\" content=\"article\" \/>\n<meta property=\"og:title\" content=\"Privacy - Zia Maria Home\" \/>\n<meta property=\"og:description\" content=\"Privacy Policy www.ziamariahome.it Questo sito web raccoglie alcuni dati Personali dei propri Utenti. Titolare del Trattamento dei dati Zia Maria Home B&amp;B, Piazza San Gaetano 322. Indirizzo email del Titolare: info@ziamariahome.it La presente policy \u00e8 data ai sensi dell&#8217;art.13 D. Lgs. 196\/2003 e ai sensi degli artt. 13 14 del GDPR 679\/ 2016 Regolamento Europeo [&hellip;]\" \/>\n<meta property=\"og:url\" content=\"https:\/\/ziamariahome.it\/en\/privacy-policy\/\" \/>\n<meta property=\"og:site_name\" content=\"Zia Maria Home\" \/>\n<meta property=\"article:modified_time\" content=\"2022-07-19T14:51:57+00:00\" \/>\n<meta name=\"twitter:card\" content=\"summary_large_image\" \/>\n<meta name=\"twitter:label1\" content=\"Estimated reading time\" \/>\n\t<meta name=\"twitter:data1\" content=\"11 minutes\" \/>\n<script type=\"application\/ld+json\" class=\"yoast-schema-graph\">{\"@context\":\"https:\\\/\\\/schema.org\",\"@graph\":[{\"@type\":\"WebPage\",\"@id\":\"https:\\\/\\\/ziamariahome.it\\\/privacy-policy\\\/\",\"url\":\"https:\\\/\\\/ziamariahome.it\\\/privacy-policy\\\/\",\"name\":\"Privacy - Zia Maria Home\",\"isPartOf\":{\"@id\":\"https:\\\/\\\/ziamariahome.it\\\/en\\\/#website\"},\"datePublished\":\"2022-07-11T15:41:59+00:00\",\"dateModified\":\"2022-07-19T14:51:57+00:00\",\"breadcrumb\":{\"@id\":\"https:\\\/\\\/ziamariahome.it\\\/privacy-policy\\\/#breadcrumb\"},\"inLanguage\":\"en-GB\",\"potentialAction\":[{\"@type\":\"ReadAction\",\"target\":[\"https:\\\/\\\/ziamariahome.it\\\/privacy-policy\\\/\"]}]},{\"@type\":\"BreadcrumbList\",\"@id\":\"https:\\\/\\\/ziamariahome.it\\\/privacy-policy\\\/#breadcrumb\",\"itemListElement\":[{\"@type\":\"ListItem\",\"position\":1,\"name\":\"Home\",\"item\":\"https:\\\/\\\/ziamariahome.it\\\/\"},{\"@type\":\"ListItem\",\"position\":2,\"name\":\"Privacy\"}]},{\"@type\":\"WebSite\",\"@id\":\"https:\\\/\\\/ziamariahome.it\\\/en\\\/#website\",\"url\":\"https:\\\/\\\/ziamariahome.it\\\/en\\\/\",\"name\":\"Zia Maria Home\",\"description\":\"Bed and Breakfast\",\"publisher\":{\"@id\":\"https:\\\/\\\/ziamariahome.it\\\/en\\\/#organization\"},\"potentialAction\":[{\"@type\":\"SearchAction\",\"target\":{\"@type\":\"EntryPoint\",\"urlTemplate\":\"https:\\\/\\\/ziamariahome.it\\\/en\\\/?s={search_term_string}\"},\"query-input\":{\"@type\":\"PropertyValueSpecification\",\"valueRequired\":true,\"valueName\":\"search_term_string\"}}],\"inLanguage\":\"en-GB\"},{\"@type\":\"Organization\",\"@id\":\"https:\\\/\\\/ziamariahome.it\\\/en\\\/#organization\",\"name\":\"Zia Maria Home B&B\",\"url\":\"https:\\\/\\\/ziamariahome.it\\\/en\\\/\",\"logo\":{\"@type\":\"ImageObject\",\"inLanguage\":\"en-GB\",\"@id\":\"https:\\\/\\\/ziamariahome.it\\\/en\\\/#\\\/schema\\\/logo\\\/image\\\/\",\"url\":\"https:\\\/\\\/ziamariahome.it\\\/wp-content\\\/uploads\\\/2022\\\/07\\\/Senza-titolo-4.png\",\"contentUrl\":\"https:\\\/\\\/ziamariahome.it\\\/wp-content\\\/uploads\\\/2022\\\/07\\\/Senza-titolo-4.png\",\"width\":2134,\"height\":2134,\"caption\":\"Zia Maria Home B&B\"},\"image\":{\"@id\":\"https:\\\/\\\/ziamariahome.it\\\/en\\\/#\\\/schema\\\/logo\\\/image\\\/\"}}]}<\/script>\n<!-- \/ Yoast SEO plugin. -->","yoast_head_json":{"title":"Privacy - Zia Maria Home","robots":{"index":"index","follow":"follow","max-snippet":"max-snippet:-1","max-image-preview":"max-image-preview:large","max-video-preview":"max-video-preview:-1"},"canonical":"https:\/\/ziamariahome.it\/en\/privacy-policy\/","og_locale":"en_GB","og_type":"article","og_title":"Privacy - Zia Maria Home","og_description":"Privacy Policy www.ziamariahome.it Questo sito web raccoglie alcuni dati Personali dei propri Utenti. Titolare del Trattamento dei dati Zia Maria Home B&amp;B, Piazza San Gaetano 322. Indirizzo email del Titolare: info@ziamariahome.it La presente policy \u00e8 data ai sensi dell&#8217;art.13 D. Lgs. 196\/2003 e ai sensi degli artt. 13 14 del GDPR 679\/ 2016 Regolamento Europeo [&hellip;]","og_url":"https:\/\/ziamariahome.it\/en\/privacy-policy\/","og_site_name":"Zia Maria Home","article_modified_time":"2022-07-19T14:51:57+00:00","twitter_card":"summary_large_image","twitter_misc":{"Estimated reading time":"11 minutes"},"schema":{"@context":"https:\/\/schema.org","@graph":[{"@type":"WebPage","@id":"https:\/\/ziamariahome.it\/privacy-policy\/","url":"https:\/\/ziamariahome.it\/privacy-policy\/","name":"Privacy - Zia Maria Home","isPartOf":{"@id":"https:\/\/ziamariahome.it\/en\/#website"},"datePublished":"2022-07-11T15:41:59+00:00","dateModified":"2022-07-19T14:51:57+00:00","breadcrumb":{"@id":"https:\/\/ziamariahome.it\/privacy-policy\/#breadcrumb"},"inLanguage":"en-GB","potentialAction":[{"@type":"ReadAction","target":["https:\/\/ziamariahome.it\/privacy-policy\/"]}]},{"@type":"BreadcrumbList","@id":"https:\/\/ziamariahome.it\/privacy-policy\/#breadcrumb","itemListElement":[{"@type":"ListItem","position":1,"name":"Home","item":"https:\/\/ziamariahome.it\/"},{"@type":"ListItem","position":2,"name":"Privacy"}]},{"@type":"WebSite","@id":"https:\/\/ziamariahome.it\/en\/#website","url":"https:\/\/ziamariahome.it\/en\/","name":"Zia Maria Home","description":"Bed and Breakfast","publisher":{"@id":"https:\/\/ziamariahome.it\/en\/#organization"},"potentialAction":[{"@type":"SearchAction","target":{"@type":"EntryPoint","urlTemplate":"https:\/\/ziamariahome.it\/en\/?s={search_term_string}"},"query-input":{"@type":"PropertyValueSpecification","valueRequired":true,"valueName":"search_term_string"}}],"inLanguage":"en-GB"},{"@type":"Organization","@id":"https:\/\/ziamariahome.it\/en\/#organization","name":"Zia Maria Home B&B","url":"https:\/\/ziamariahome.it\/en\/","logo":{"@type":"ImageObject","inLanguage":"en-GB","@id":"https:\/\/ziamariahome.it\/en\/#\/schema\/logo\/image\/","url":"https:\/\/ziamariahome.it\/wp-content\/uploads\/2022\/07\/Senza-titolo-4.png","contentUrl":"https:\/\/ziamariahome.it\/wp-content\/uploads\/2022\/07\/Senza-titolo-4.png","width":2134,"height":2134,"caption":"Zia Maria Home B&B"},"image":{"@id":"https:\/\/ziamariahome.it\/en\/#\/schema\/logo\/image\/"}}]}},"_links":{"self":[{"href":"https:\/\/ziamariahome.it\/en\/wp-json\/wp\/v2\/pages\/3","targetHints":{"allow":["GET"]}}],"collection":[{"href":"https:\/\/ziamariahome.it\/en\/wp-json\/wp\/v2\/pages"}],"about":[{"href":"https:\/\/ziamariahome.it\/en\/wp-json\/wp\/v2\/types\/page"}],"author":[{"embeddable":true,"href":"https:\/\/ziamariahome.it\/en\/wp-json\/wp\/v2\/users\/1"}],"replies":[{"embeddable":true,"href":"https:\/\/ziamariahome.it\/en\/wp-json\/wp\/v2\/comments?post=3"}],"version-history":[{"count":3,"href":"https:\/\/ziamariahome.it\/en\/wp-json\/wp\/v2\/pages\/3\/revisions"}],"predecessor-version":[{"id":1199,"href":"https:\/\/ziamariahome.it\/en\/wp-json\/wp\/v2\/pages\/3\/revisions\/1199"}],"wp:attachment":[{"href":"https:\/\/ziamariahome.it\/en\/wp-json\/wp\/v2\/media?parent=3"}],"curies":[{"name":"wp","href":"https:\/\/api.w.org\/{rel}","templated":true}]}}